{"id":8,"date":"2015-10-19T03:43:57","date_gmt":"2015-10-19T03:43:57","guid":{"rendered":"http:\/\/www.interdominternships.org\/?page_id=8"},"modified":"2016-10-25T19:53:20","modified_gmt":"2016-10-25T19:53:20","slug":"our-programs","status":"publish","type":"page","link":"https:\/\/www.interdominternships.org\/es\/our-programs\/","title":{"rendered":"Nuestros programas"},"content":{"rendered":"<p><\/p>\n<h1>Nuestros programas<\/h1>\n<p><img class=\"img_section\" src=\"http:\/\/www.interdominternships.org\/wp-content\/uploads\/2015\/10\/Ikenna_Kim_CentroLeon-1024x576.jpg\" alt=\"Ikenna_Kim_CentroLeon\" \/><br \/>\n<strong>Los estudiantes internacionales adquieren experiencia profesional y cultural en la Rep\u00fablica Dominicana.<\/strong><\/p>\n<p>En InteRDom la palabra clave es flexibilidad. Adaptamos nuestros programas para asegurar que el participante reciba una experiencia importante y enriquecedora en su campo de inter\u00e9s espec\u00edfico. Por esta raz\u00f3n, hemos creado \u201c<a href=\"http:\/\/www.interdominternships.org\/build-your-program\/\">Construye tu Programa<\/a>\u201d una herramienta que permite a los estudiantes universitarios, a los de postgrado e investigadores seleccionar entre las m\u00faltiples opciones del programa que est\u00e1n disponibles para crear un programa que corresponda a sus preferencias individuales, a su disciplina de estudios e intereses profesionales. El costo del programa depender\u00e1 de las opciones seleccionadas.<\/p>\n<p>El coraz\u00f3n y el alma del programa InteRDom es el componente de pasant\u00edas. Las pasant\u00edas constituyen el n\u00facleo de cada programa, y la colocaci\u00f3n y otros servicios de inducci\u00f3n est\u00e1n incluidos en el costo del programa. A partir de ah\u00ed, los estudiantes que tienen diferentes necesidades e intereses pueden a\u00f1adir diversos componentes, haciendo que el programa sea tan b\u00e1sico o tan completo seg\u00fan los deseos individuales de cada estudiante.<\/p>\n<p>Inf\u00f3rmese acerca de qu\u00e9 manera InteRDom lleva a cabo la colocaci\u00f3n de los pasantes a trav\u00e9s de la <a href=\"http:\/\/www.interdominternships.org\/international-students\/\"><strong>p\u00e1gina de los estudiantes<\/strong><\/a>.<\/p>\n<p>Baje la <a href=\"http:\/\/www.interdominternships.org\/id\/wp-content\/uploads\/2014\/07\/InteRDomProgramGuide.pdf\">Gu\u00eda del programa<\/a> para leer m\u00e1s acerca de los servicios que ofrecemos.<\/p>\n<p><strong>\u00bfLe gusta escribir blogs y establecer redes de contactos?<\/strong> Es posible que tengamos una oportunidad muy especial para usted! Los estudiantes destacados durante cada semestre pueden ser seleccionados para participar en el <a href=\"http:\/\/www.interdominternships.org\/correspondent-program\/\">Programa de corresponsales<\/a>! Inf\u00f3rmese para saber si este programa es adecuado para usted.<\/p>","protected":false},"excerpt":{"rendered":"<p>Nuestros programas Los estudiantes internacionales adquieren experiencia profesional y cultural en la Rep\u00fablica Dominicana. En InteRDom la palabra clave es flexibilidad. Adaptamos nuestros programas para asegurar que el participante reciba una experiencia importante y enriquecedora en su campo de inter\u00e9s espec\u00edfico. Por esta raz\u00f3n, hemos creado \u201cConstruye tu Programa\u201d una herramienta que permite a los&#8230; <a class=\"read-more\" href=\"https:\/\/www.interdominternships.org\/es\/our-programs\/\">Read More<\/a><\/p>\n","protected":false},"author":1,"featured_media":0,"parent":0,"menu_order":0,"comment_status":"closed","ping_status":"closed","template":"page-programs.php","meta":[],"_links":{"self":[{"href":"https:\/\/www.interdominternships.org\/es\/wp-json\/wp\/v2\/pages\/8"}],"collection":[{"href":"https:\/\/www.interdominternships.org\/es\/wp-json\/wp\/v2\/pages"}],"about":[{"href":"https:\/\/www.interdominternships.org\/es\/wp-json\/wp\/v2\/types\/page"}],"author":[{"embeddable":true,"href":"https:\/\/www.interdominternships.org\/es\/wp-json\/wp\/v2\/users\/1"}],"replies":[{"embeddable":true,"href":"https:\/\/www.interdominternships.org\/es\/wp-json\/wp\/v2\/comments?post=8"}],"version-history":[{"count":5,"href":"https:\/\/www.interdominternships.org\/es\/wp-json\/wp\/v2\/pages\/8\/revisions"}],"predecessor-version":[{"id":4913,"href":"https:\/\/www.interdominternships.org\/es\/wp-json\/wp\/v2\/pages\/8\/revisions\/4913"}],"wp:attachment":[{"href":"https:\/\/www.interdominternships.org\/es\/wp-json\/wp\/v2\/media?parent=8"}],"curies":[{"name":"wp","href":"https:\/\/api.w.org\/{rel}","templated":true}]}}