{"id":6,"date":"2015-10-19T03:43:27","date_gmt":"2015-10-19T03:43:27","guid":{"rendered":"http:\/\/www.interdominternships.org\/?page_id=6"},"modified":"2015-11-26T16:20:11","modified_gmt":"2015-11-26T16:20:11","slug":"about-us","status":"publish","type":"page","link":"https:\/\/www.interdominternships.org\/es\/about-us\/","title":{"rendered":"Acerca de nosotros"},"content":{"rendered":"<p><\/p>\n<div class=\"embed-responsive embed-responsive-16by9\">\n<iframe src=\"https:\/\/www.youtube.com\/embed\/onT4z1YElU8?rel=0&amp;showinfo=0\" frameborder=\"0\" style=\"float:right;width:45%;height:290px;margin-left:46px;\" allowfullscreen><\/iframe>\n<\/div>\n<h1>Acerca de nosotros<\/h1>\n<p>InteRDom es el programa l\u00edder de pasant\u00edas, investigaciones y estudios acad\u00e9micos en la Rep\u00fablica Dominicana. El programa ofrece a los estudiantes universitarios, profesores, acad\u00e9micos y profesionales una plataforma para el intercambio y la colaboraci\u00f3n, as\u00ed como para la promoci\u00f3n de la investigaci\u00f3n y el desarrollo en la Rep\u00fablica Dominicana y en la regi\u00f3n del Caribe.<\/p>\n<p>InteRDom atiende a cada uno de estos grupos de manera espec\u00edfica.<\/p>\n<p><\/p>","protected":false},"excerpt":{"rendered":"<p>Acerca de nosotros InteRDom es el programa l\u00edder de pasant\u00edas, investigaciones y estudios acad\u00e9micos en la Rep\u00fablica Dominicana. El programa ofrece a los estudiantes universitarios, profesores, acad\u00e9micos y profesionales una plataforma para el intercambio y la colaboraci\u00f3n, as\u00ed como para la promoci\u00f3n de la investigaci\u00f3n y el desarrollo en la Rep\u00fablica Dominicana y en la&#8230; <a class=\"read-more\" href=\"https:\/\/www.interdominternships.org\/es\/about-us\/\">Read More<\/a><\/p>\n","protected":false},"author":1,"featured_media":0,"parent":0,"menu_order":0,"comment_status":"closed","ping_status":"closed","template":"page-about.php","meta":[],"_links":{"self":[{"href":"https:\/\/www.interdominternships.org\/es\/wp-json\/wp\/v2\/pages\/6"}],"collection":[{"href":"https:\/\/www.interdominternships.org\/es\/wp-json\/wp\/v2\/pages"}],"about":[{"href":"https:\/\/www.interdominternships.org\/es\/wp-json\/wp\/v2\/types\/page"}],"author":[{"embeddable":true,"href":"https:\/\/www.interdominternships.org\/es\/wp-json\/wp\/v2\/users\/1"}],"replies":[{"embeddable":true,"href":"https:\/\/www.interdominternships.org\/es\/wp-json\/wp\/v2\/comments?post=6"}],"version-history":[{"count":4,"href":"https:\/\/www.interdominternships.org\/es\/wp-json\/wp\/v2\/pages\/6\/revisions"}],"predecessor-version":[{"id":3095,"href":"https:\/\/www.interdominternships.org\/es\/wp-json\/wp\/v2\/pages\/6\/revisions\/3095"}],"wp:attachment":[{"href":"https:\/\/www.interdominternships.org\/es\/wp-json\/wp\/v2\/media?parent=6"}],"curies":[{"name":"wp","href":"https:\/\/api.w.org\/{rel}","templated":true}]}}