{"id":42,"date":"2015-10-19T03:49:22","date_gmt":"2015-10-19T03:49:22","guid":{"rendered":"http:\/\/www.interdominternships.org\/?page_id=42"},"modified":"2015-11-20T20:19:36","modified_gmt":"2015-11-20T20:19:36","slug":"academics","status":"publish","type":"page","link":"https:\/\/www.interdominternships.org\/es\/academics\/","title":{"rendered":"Componente acad\u00e9mico"},"content":{"rendered":"<p><\/p>\n<div class=\"embed-responsive embed-responsive-16by9\"><iframe style=\"float: right; width: 45%; height: 290px; margin-left: 46px;\" src=\"https:\/\/www.youtube.com\/embed\/hisJpf8TX2s?rel=0&amp;showinfo=0\" width=\"300\" height=\"150\" frameborder=\"0\" allowfullscreen=\"allowfullscreen\"><\/iframe><\/div>\n<h1>Componente acad\u00e9mico<\/h1>\n<p>En InteRDom entendemos que a veces es necesario que los estudiantes de licenciatura tomen cursos adicionales para cumplir con los requisitos para graduarse en sus universidades de origen.<\/p>\n<p>Los estudiantes que est\u00e9n interesados en a\u00f1adir un componente acad\u00e9mico a su programa de pasant\u00eda o de investigaci\u00f3n tienen la oportunidad de inscribirse en una amplia gama de cursos de verano, semestres acad\u00e9micos y otros programas de educaci\u00f3n continua que la Universidad Iberoamericana (UNIBE) y el Instituto Global de Altos Estudios en Ciencias Sociales (iGlobal) ofrecen en una variedad de disciplinas.<\/p>\n<p>Los estudiantes de postgrado pueden validar sus cr\u00e9ditos tomando cursos en Administraci\u00f3n P\u00fablica, Ciencias Pol\u00edticas para el Desarrollo, Desarrollo Urbano Sostenible, Relaciones Internacionales, Negocios Internacionales, Derecho Constitucional, Administraci\u00f3n del Estado y Administraci\u00f3n de Empresas y en una variedad de otras \u00e1reas en el Instituto Global de Altos Estudios en Ciencias Sociales (iGlobal).<\/p>\n<p><img loading=\"lazy\" width=\"368\" height=\"100\" class=\"alignnone size-full wp-image-3046\" style=\"float: left; margin-right: 18px;\" src=\"http:\/\/www.interdominternships.org\/wp-content\/uploads\/2015\/10\/logo_isoc-unibe.jpg\" alt=\"logo_isoc-unibe\" srcset=\"https:\/\/www.interdominternships.org\/wp-content\/uploads\/2015\/10\/logo_isoc-unibe.jpg 368w, https:\/\/www.interdominternships.org\/wp-content\/uploads\/2015\/10\/logo_isoc-unibe-300x82.jpg 300w\" sizes=\"(max-width: 368px) 100vw, 368px\" \/>UNIBE y iGLOBAL son instituciones educativas altamente reconocidas en la Rep\u00fablica Dominicana. Ambas ofrecen programas de doble titulaci\u00f3n, en asociaci\u00f3n con universidades internacionales como la Universidad Internacional de la Florida (Estados Unidos), el Tecnol\u00f3gico de Monterrey (M\u00e9xico), la Universidad de Salamanca (Espa\u00f1a) y la Universidad de Par\u00eds 1 Panth\u00e9on Sorbonne (Francia).<\/p>\n<p>Todos los estudiantes interesados en transferir cr\u00e9ditos deben consultar con sus universidades sobre la forma en que sus cursos pueden ser reconocidos y c\u00f3mo recibir cr\u00e9ditos de nuestras universidades afiliadas.<\/p>","protected":false},"excerpt":{"rendered":"<p>Componente acad\u00e9mico En InteRDom entendemos que a veces es necesario que los estudiantes de licenciatura tomen cursos adicionales para cumplir con los requisitos para graduarse en sus universidades de origen. Los estudiantes que est\u00e9n interesados en a\u00f1adir un componente acad\u00e9mico a su programa de pasant\u00eda o de investigaci\u00f3n tienen la oportunidad de inscribirse en una&#8230; <a class=\"read-more\" href=\"https:\/\/www.interdominternships.org\/es\/academics\/\">Read More<\/a><\/p>\n","protected":false},"author":1,"featured_media":0,"parent":0,"menu_order":0,"comment_status":"closed","ping_status":"closed","template":"page-academics.php","meta":[],"_links":{"self":[{"href":"https:\/\/www.interdominternships.org\/es\/wp-json\/wp\/v2\/pages\/42"}],"collection":[{"href":"https:\/\/www.interdominternships.org\/es\/wp-json\/wp\/v2\/pages"}],"about":[{"href":"https:\/\/www.interdominternships.org\/es\/wp-json\/wp\/v2\/types\/page"}],"author":[{"embeddable":true,"href":"https:\/\/www.interdominternships.org\/es\/wp-json\/wp\/v2\/users\/1"}],"replies":[{"embeddable":true,"href":"https:\/\/www.interdominternships.org\/es\/wp-json\/wp\/v2\/comments?post=42"}],"version-history":[{"count":7,"href":"https:\/\/www.interdominternships.org\/es\/wp-json\/wp\/v2\/pages\/42\/revisions"}],"predecessor-version":[{"id":3048,"href":"https:\/\/www.interdominternships.org\/es\/wp-json\/wp\/v2\/pages\/42\/revisions\/3048"}],"wp:attachment":[{"href":"https:\/\/www.interdominternships.org\/es\/wp-json\/wp\/v2\/media?parent=42"}],"curies":[{"name":"wp","href":"https:\/\/api.w.org\/{rel}","templated":true}]}}