{"id":40,"date":"2015-10-19T03:49:12","date_gmt":"2015-10-19T03:49:12","guid":{"rendered":"http:\/\/www.interdominternships.org\/?page_id=40"},"modified":"2020-09-03T16:39:53","modified_gmt":"2020-09-03T16:39:53","slug":"housing","status":"publish","type":"page","link":"https:\/\/www.interdominternships.org\/es\/housing\/","title":{"rendered":"Alojamiento"},"content":{"rendered":"<p><img src=\"https:\/\/www.interdominternships.org\/wp-content\/uploads\/2015\/10\/housing-1024x685.jpg\" alt=\"housing\" class=\"img_section\" \/><\/p>\n<h1>Alojamiento<\/h1>\n<p>Los participantes en el programa tienen la opci\u00f3n de alojarse en las residencias estudiantiles de InteRDom que son de estilo apartamento. Estos modernos y confortables apartamentos son propiedad del programa, el cual tambi\u00e9n les da mantenimiento. Se encuentran ubicados a pocos pasos de la oficina de InteRDom, a minutos del centro de la ciudad, de la Ciudad Colonial, de nuestras instituciones acad\u00e9micas asociadas, y a una manzana de distancia de una infinidad de opciones de transporte p\u00fablico.<\/p>\n<p>Los estudiantes tienen la opci\u00f3n de alojarse en una habitaci\u00f3n ya sea privada o compartida en los apartamentos, donde cada habitaci\u00f3n tiene un ba\u00f1o privado y las \u00e1reas comunes son compartidas. El edificio cuenta con seguridad las 24 horas, lavander\u00eda y una cocina totalmente equipada.<\/p>\n<p>El aire acondicionado est\u00e1 disponible para quienes lo soliciten, y est\u00e1 sujeto a un cargo adicional.<\/p>\n<p><\/p>","protected":false},"excerpt":{"rendered":"<p>Alojamiento Los participantes en el programa tienen la opci\u00f3n de alojarse en las residencias estudiantiles de InteRDom que son de estilo apartamento. Estos modernos y confortables apartamentos son propiedad del programa, el cual tambi\u00e9n les da mantenimiento. Se encuentran ubicados a pocos pasos de la oficina de InteRDom, a minutos del centro de la ciudad,&#8230; <a class=\"read-more\" href=\"https:\/\/www.interdominternships.org\/es\/housing\/\">Read More<\/a><\/p>\n","protected":false},"author":1,"featured_media":0,"parent":0,"menu_order":0,"comment_status":"closed","ping_status":"closed","template":"page-housing.php","meta":[],"_links":{"self":[{"href":"https:\/\/www.interdominternships.org\/es\/wp-json\/wp\/v2\/pages\/40"}],"collection":[{"href":"https:\/\/www.interdominternships.org\/es\/wp-json\/wp\/v2\/pages"}],"about":[{"href":"https:\/\/www.interdominternships.org\/es\/wp-json\/wp\/v2\/types\/page"}],"author":[{"embeddable":true,"href":"https:\/\/www.interdominternships.org\/es\/wp-json\/wp\/v2\/users\/1"}],"replies":[{"embeddable":true,"href":"https:\/\/www.interdominternships.org\/es\/wp-json\/wp\/v2\/comments?post=40"}],"version-history":[{"count":4,"href":"https:\/\/www.interdominternships.org\/es\/wp-json\/wp\/v2\/pages\/40\/revisions"}],"predecessor-version":[{"id":5176,"href":"https:\/\/www.interdominternships.org\/es\/wp-json\/wp\/v2\/pages\/40\/revisions\/5176"}],"wp:attachment":[{"href":"https:\/\/www.interdominternships.org\/es\/wp-json\/wp\/v2\/media?parent=40"}],"curies":[{"name":"wp","href":"https:\/\/api.w.org\/{rel}","templated":true}]}}