{"id":4,"date":"2015-10-18T21:24:23","date_gmt":"2015-10-18T21:24:23","guid":{"rendered":"http:\/\/www.interdominternships.org\/?page_id=4"},"modified":"2020-09-03T16:28:52","modified_gmt":"2020-09-03T16:28:52","slug":"homepage","status":"publish","type":"page","link":"https:\/\/www.interdominternships.org\/es\/","title":{"rendered":"Inicio"},"content":{"rendered":"<p><\/p>\n<p>Conectate con nosotros! <a href=\"https:\/\/www.facebook.com\/InteRDomInternships\" target=\"_blank\" rel=\"noopener noreferrer\"><img src=\"https:\/\/www.interdominternships.org\/wp-content\/uploads\/2015\/10\/icon_fb.png\" alt=\"icon_fb\" \/><\/a> <a href=\"https:\/\/twitter.com\/InteRDom\" target=\"_blank\" rel=\"noopener noreferrer\"><img src=\"https:\/\/www.interdominternships.org\/wp-content\/uploads\/2015\/10\/icon_tw.png\" alt=\"icon_tw\" \/><\/a> <a href=\"https:\/\/instagram.com\/interdominternships\" target=\"_blank\" rel=\"noopener noreferrer\"><img src=\"https:\/\/www.interdominternships.org\/wp-content\/uploads\/2015\/10\/icon_ig.png\" alt=\"icon_ig\" \/><\/a><\/p>\n<p>InteRDom es el programa l\u00edder de pasant\u00edas, investigaciones y estudios acad\u00e9micos en la Rep\u00fablica Dominicana. El programa ofrece a los estudiantes universitarios, profesores, acad\u00e9micos y profesionales una plataforma para el intercambio y la colaboraci\u00f3n, as\u00ed como para la promoci\u00f3n de la investigaci\u00f3n y el desarrollo en la Rep\u00fablica Dominicana y en la regi\u00f3n del Caribe. <a href=\"https:\/\/www.interdominternships.org\/?page_id=6\">Lea m\u00e1s ><\/a><\/p>\n<p><a href=\"?page_id=20\" class=\"btn btn-default\">Aplicar ahora!<\/a><\/p>","protected":false},"excerpt":{"rendered":"<p>Conectate con nosotros! InteRDom es el programa l\u00edder de pasant\u00edas, investigaciones y estudios acad\u00e9micos en la Rep\u00fablica Dominicana. El programa ofrece a los estudiantes universitarios, profesores, acad\u00e9micos y profesionales una plataforma para el intercambio y la colaboraci\u00f3n, as\u00ed como para la promoci\u00f3n de la investigaci\u00f3n y el desarrollo en la Rep\u00fablica Dominicana y en la&#8230; <a class=\"read-more\" href=\"https:\/\/www.interdominternships.org\/es\/\">Read More<\/a><\/p>\n","protected":false},"author":1,"featured_media":0,"parent":0,"menu_order":0,"comment_status":"closed","ping_status":"closed","template":"","meta":[],"_links":{"self":[{"href":"https:\/\/www.interdominternships.org\/es\/wp-json\/wp\/v2\/pages\/4"}],"collection":[{"href":"https:\/\/www.interdominternships.org\/es\/wp-json\/wp\/v2\/pages"}],"about":[{"href":"https:\/\/www.interdominternships.org\/es\/wp-json\/wp\/v2\/types\/page"}],"author":[{"embeddable":true,"href":"https:\/\/www.interdominternships.org\/es\/wp-json\/wp\/v2\/users\/1"}],"replies":[{"embeddable":true,"href":"https:\/\/www.interdominternships.org\/es\/wp-json\/wp\/v2\/comments?post=4"}],"version-history":[{"count":6,"href":"https:\/\/www.interdominternships.org\/es\/wp-json\/wp\/v2\/pages\/4\/revisions"}],"predecessor-version":[{"id":5172,"href":"https:\/\/www.interdominternships.org\/es\/wp-json\/wp\/v2\/pages\/4\/revisions\/5172"}],"wp:attachment":[{"href":"https:\/\/www.interdominternships.org\/es\/wp-json\/wp\/v2\/media?parent=4"}],"curies":[{"name":"wp","href":"https:\/\/api.w.org\/{rel}","templated":true}]}}