{"id":38,"date":"2015-10-19T03:49:00","date_gmt":"2015-10-19T03:49:00","guid":{"rendered":"http:\/\/www.interdominternships.org\/?page_id=38"},"modified":"2020-09-03T16:40:14","modified_gmt":"2020-09-03T16:40:14","slug":"cultural-activities","status":"publish","type":"page","link":"https:\/\/www.interdominternships.org\/es\/cultural-activities\/","title":{"rendered":"Actividades culturales"},"content":{"rendered":"<p><img src=\"https:\/\/www.interdominternships.org\/wp-content\/uploads\/2015\/10\/cultural_activities.jpg\" alt=\"cultural_activities\"class=\"img_section\" \/><\/p>\n<h1>Actividades culturales<\/h1>\n<p>Las actividades culturales y excursiones ofrecen un excelente complemento para cualquier pasant\u00eda o programa de estudios en la Rep\u00fablica Dominicana, con lo cual la cultura dominicana cobra vida a trav\u00e9s de la naturaleza, el arte y los sitios hist\u00f3ricos. El programa de actividades var\u00eda con cada temporada, pero siempre se les escoge cuidadosamente a fin de ofrecer al estudiante una experiencia diferente del t\u00edpico turismo de sol y surf que caracteriza a la Rep\u00fablica Dominicana. Nos enfocamos en proveer una experiencia que est\u00e9 m\u00e1s cerca de la comunidad y de la vida cotidiana de los dominicanos. A trav\u00e9s de las actividades culturales y de las excursiones, el objetivo de InteRDom es poner en contacto a los pasantes con la cultura y el medio ambiente de la Rep\u00fablica Dominicana.<\/p>\n<p>Los encuentros y viajes que se enumeran aqu\u00ed son tan s\u00f3lo una peque\u00f1a parte de las variadas y diversas actividades que InteRDom ofrece, y est\u00e1n sujetos a cambios de acuerdo a la temporada.<\/p>\n<p><\/p>","protected":false},"excerpt":{"rendered":"<p>Actividades culturales Las actividades culturales y excursiones ofrecen un excelente complemento para cualquier pasant\u00eda o programa de estudios en la Rep\u00fablica Dominicana, con lo cual la cultura dominicana cobra vida a trav\u00e9s de la naturaleza, el arte y los sitios hist\u00f3ricos. El programa de actividades var\u00eda con cada temporada, pero siempre se les escoge cuidadosamente&#8230; <a class=\"read-more\" href=\"https:\/\/www.interdominternships.org\/es\/cultural-activities\/\">Read More<\/a><\/p>\n","protected":false},"author":1,"featured_media":0,"parent":0,"menu_order":0,"comment_status":"closed","ping_status":"closed","template":"page-cultural-activities.php","meta":[],"_links":{"self":[{"href":"https:\/\/www.interdominternships.org\/es\/wp-json\/wp\/v2\/pages\/38"}],"collection":[{"href":"https:\/\/www.interdominternships.org\/es\/wp-json\/wp\/v2\/pages"}],"about":[{"href":"https:\/\/www.interdominternships.org\/es\/wp-json\/wp\/v2\/types\/page"}],"author":[{"embeddable":true,"href":"https:\/\/www.interdominternships.org\/es\/wp-json\/wp\/v2\/users\/1"}],"replies":[{"embeddable":true,"href":"https:\/\/www.interdominternships.org\/es\/wp-json\/wp\/v2\/comments?post=38"}],"version-history":[{"count":5,"href":"https:\/\/www.interdominternships.org\/es\/wp-json\/wp\/v2\/pages\/38\/revisions"}],"predecessor-version":[{"id":5177,"href":"https:\/\/www.interdominternships.org\/es\/wp-json\/wp\/v2\/pages\/38\/revisions\/5177"}],"wp:attachment":[{"href":"https:\/\/www.interdominternships.org\/es\/wp-json\/wp\/v2\/media?parent=38"}],"curies":[{"name":"wp","href":"https:\/\/api.w.org\/{rel}","templated":true}]}}