{"id":36,"date":"2015-10-19T03:48:44","date_gmt":"2015-10-19T03:48:44","guid":{"rendered":"http:\/\/www.interdominternships.org\/?page_id=36"},"modified":"2015-11-23T20:06:58","modified_gmt":"2015-11-23T20:06:58","slug":"publications","status":"publish","type":"page","link":"https:\/\/www.interdominternships.org\/es\/publications\/","title":{"rendered":"Publicaciones"},"content":{"rendered":"<p><\/p>\n<h1>Publicaciones<\/h1>\n<h3>Mantente en contacto con InteRDom!<\/h3>\n<p>\u00bfEst\u00e1s interesado en mantenerte al d\u00eda sobre lo que est\u00e1 pasando en InteRDom o quieres ayudarnos a llegar a los estudiantes y reci\u00e9n graduados que buscan pasant\u00edas y oportunidades acad\u00e9micas en la Rep\u00fablica Dominicana? \u00a1Has venido al lugar correcto!<\/p>\n<p><b>Con\u00e9ctate con nosotros y \u00a1ay\u00fadanos a promover nuestros programas!<\/b><\/p>\n<p><strong>InteRDom Press<\/strong> \u2013 Nuestro bolet\u00edn de noticias, publicado tres veces por a\u00f1o, ofrece actualizaciones sobre los programas e informaci\u00f3n sobre los pr\u00f3ximos eventos, incluyendo oportunidades de colaboraci\u00f3n.<\/p>\n<p><strong>E-Flyer<\/strong> \u2013 Cuando una oportunidad o evento es programado fuera del per\u00edodo que cubre nuestro bolet\u00edn de noticias le enviaremos un E-Flyer anunci\u00e1ndolo. (El panfleto electr\u00f3nico es enviado varias veces durante el a\u00f1o).<\/p>\n<p><strong>InteRDom PRO<\/strong> \u2013 Nuestro bolet\u00edn de noticias mensual para la planta de profesores y personal de las universidades afiliadas a InteRDom.<\/p>","protected":false},"excerpt":{"rendered":"<p>Publicaciones Mantente en contacto con InteRDom! \u00bfEst\u00e1s interesado en mantenerte al d\u00eda sobre lo que est\u00e1 pasando en InteRDom o quieres ayudarnos a llegar a los estudiantes y reci\u00e9n graduados que buscan pasant\u00edas y oportunidades acad\u00e9micas en la Rep\u00fablica Dominicana? \u00a1Has venido al lugar correcto! Con\u00e9ctate con nosotros y \u00a1ay\u00fadanos a promover nuestros programas! InteRDom&#8230; <a class=\"read-more\" href=\"https:\/\/www.interdominternships.org\/es\/publications\/\">Read More<\/a><\/p>\n","protected":false},"author":1,"featured_media":0,"parent":0,"menu_order":0,"comment_status":"closed","ping_status":"closed","template":"page-publications.php","meta":[],"_links":{"self":[{"href":"https:\/\/www.interdominternships.org\/es\/wp-json\/wp\/v2\/pages\/36"}],"collection":[{"href":"https:\/\/www.interdominternships.org\/es\/wp-json\/wp\/v2\/pages"}],"about":[{"href":"https:\/\/www.interdominternships.org\/es\/wp-json\/wp\/v2\/types\/page"}],"author":[{"embeddable":true,"href":"https:\/\/www.interdominternships.org\/es\/wp-json\/wp\/v2\/users\/1"}],"replies":[{"embeddable":true,"href":"https:\/\/www.interdominternships.org\/es\/wp-json\/wp\/v2\/comments?post=36"}],"version-history":[{"count":4,"href":"https:\/\/www.interdominternships.org\/es\/wp-json\/wp\/v2\/pages\/36\/revisions"}],"predecessor-version":[{"id":3091,"href":"https:\/\/www.interdominternships.org\/es\/wp-json\/wp\/v2\/pages\/36\/revisions\/3091"}],"wp:attachment":[{"href":"https:\/\/www.interdominternships.org\/es\/wp-json\/wp\/v2\/media?parent=36"}],"curies":[{"name":"wp","href":"https:\/\/api.w.org\/{rel}","templated":true}]}}