{"id":34,"date":"2015-10-19T03:48:32","date_gmt":"2015-10-19T03:48:32","guid":{"rendered":"http:\/\/www.interdominternships.org\/?page_id=34"},"modified":"2015-11-23T18:50:46","modified_gmt":"2015-11-23T18:50:46","slug":"alumni-program","status":"publish","type":"page","link":"https:\/\/www.interdominternships.org\/es\/alumni-program\/","title":{"rendered":"Programa de ex alumnos"},"content":{"rendered":"<p><\/p>\n<div class=\"embed-responsive embed-responsive-16by9\"><iframe style=\"float: right; width: 45%; height: 290px; margin-left: 46px;\" src=\"https:\/\/www.youtube.com\/embed\/MzY-myWhmJ8?list=UUfBoKuZ7GjEqHMZahSjkmaQ\" width=\"300\" height=\"150\" frameborder=\"0\" allowfullscreen=\"allowfullscreen\"><\/iframe><\/div>\n<h1>Programa de ex alumnos<\/h1>\n<p>Con m\u00e1s de 150 antiguos participantes, los ex alumnos de InteRDom forman parte de una comunidad diversa de estudiantes y profesionales. Nuestro programa de ex alumnos puede proporcionarle informaci\u00f3n, recursos y contactos que le permitan volver a entrar en contacto con viejos amigos y formar nuevas relaciones con posibles compa\u00f1eros, mentores y empleadores.<\/p>\n<p><span style=\"line-height: 1.5;\">\u00danase a nuestro grupo de ex alumnos en LinkedIn y actualice su informaci\u00f3n de contacto utilizando el formulario que aparece a continuaci\u00f3n para descubrir oportunidades, tanto nacionales como internacionales, para trabajar, ense\u00f1ar, realizar pasant\u00edas e investigaciones, o continuar sus estudios.<\/span><\/p>","protected":false},"excerpt":{"rendered":"<p>Programa de ex alumnos Con m\u00e1s de 150 antiguos participantes, los ex alumnos de InteRDom forman parte de una comunidad diversa de estudiantes y profesionales. Nuestro programa de ex alumnos puede proporcionarle informaci\u00f3n, recursos y contactos que le permitan volver a entrar en contacto con viejos amigos y formar nuevas relaciones con posibles compa\u00f1eros, mentores&#8230; <a class=\"read-more\" href=\"https:\/\/www.interdominternships.org\/es\/alumni-program\/\">Read More<\/a><\/p>\n","protected":false},"author":1,"featured_media":0,"parent":0,"menu_order":0,"comment_status":"closed","ping_status":"closed","template":"page-alumni.php","meta":[],"_links":{"self":[{"href":"https:\/\/www.interdominternships.org\/es\/wp-json\/wp\/v2\/pages\/34"}],"collection":[{"href":"https:\/\/www.interdominternships.org\/es\/wp-json\/wp\/v2\/pages"}],"about":[{"href":"https:\/\/www.interdominternships.org\/es\/wp-json\/wp\/v2\/types\/page"}],"author":[{"embeddable":true,"href":"https:\/\/www.interdominternships.org\/es\/wp-json\/wp\/v2\/users\/1"}],"replies":[{"embeddable":true,"href":"https:\/\/www.interdominternships.org\/es\/wp-json\/wp\/v2\/comments?post=34"}],"version-history":[{"count":2,"href":"https:\/\/www.interdominternships.org\/es\/wp-json\/wp\/v2\/pages\/34\/revisions"}],"predecessor-version":[{"id":3086,"href":"https:\/\/www.interdominternships.org\/es\/wp-json\/wp\/v2\/pages\/34\/revisions\/3086"}],"wp:attachment":[{"href":"https:\/\/www.interdominternships.org\/es\/wp-json\/wp\/v2\/media?parent=34"}],"curies":[{"name":"wp","href":"https:\/\/api.w.org\/{rel}","templated":true}]}}