{"id":32,"date":"2015-10-19T03:48:19","date_gmt":"2015-10-19T03:48:19","guid":{"rendered":"http:\/\/www.interdominternships.org\/?page_id=32"},"modified":"2015-11-23T18:35:22","modified_gmt":"2015-11-23T18:35:22","slug":"correspondent-program","status":"publish","type":"page","link":"https:\/\/www.interdominternships.org\/es\/correspondent-program\/","title":{"rendered":"Programa de corresponsales"},"content":{"rendered":"<p><\/p>\n<h1>Programa de corresponsales<\/h1>\n<p>El Programa de Corresponsales es exclusivo del programa InteRDom. Ofrece a los estudiantes la oportunidad de enriquecer sus hojas de vida y de colaborar con el programa InteRDom a trav\u00e9s de la redacci\u00f3n, comunicaci\u00f3n y mercadeo.<\/p>\n<p><\/p>","protected":false},"excerpt":{"rendered":"<p>Programa de corresponsales El Programa de Corresponsales es exclusivo del programa InteRDom. Ofrece a los estudiantes la oportunidad de enriquecer sus hojas de vida y de colaborar con el programa InteRDom a trav\u00e9s de la redacci\u00f3n, comunicaci\u00f3n y mercadeo.<\/p>\n","protected":false},"author":1,"featured_media":0,"parent":0,"menu_order":0,"comment_status":"closed","ping_status":"closed","template":"page-correspondent-program.php","meta":[],"_links":{"self":[{"href":"https:\/\/www.interdominternships.org\/es\/wp-json\/wp\/v2\/pages\/32"}],"collection":[{"href":"https:\/\/www.interdominternships.org\/es\/wp-json\/wp\/v2\/pages"}],"about":[{"href":"https:\/\/www.interdominternships.org\/es\/wp-json\/wp\/v2\/types\/page"}],"author":[{"embeddable":true,"href":"https:\/\/www.interdominternships.org\/es\/wp-json\/wp\/v2\/users\/1"}],"replies":[{"embeddable":true,"href":"https:\/\/www.interdominternships.org\/es\/wp-json\/wp\/v2\/comments?post=32"}],"version-history":[{"count":2,"href":"https:\/\/www.interdominternships.org\/es\/wp-json\/wp\/v2\/pages\/32\/revisions"}],"predecessor-version":[{"id":3085,"href":"https:\/\/www.interdominternships.org\/es\/wp-json\/wp\/v2\/pages\/32\/revisions\/3085"}],"wp:attachment":[{"href":"https:\/\/www.interdominternships.org\/es\/wp-json\/wp\/v2\/media?parent=32"}],"curies":[{"name":"wp","href":"https:\/\/api.w.org\/{rel}","templated":true}]}}