{"id":30,"date":"2015-10-19T03:48:00","date_gmt":"2015-10-19T03:48:00","guid":{"rendered":"http:\/\/www.interdominternships.org\/?page_id=30"},"modified":"2020-09-03T16:43:56","modified_gmt":"2020-09-03T16:43:56","slug":"funding-opportunities","status":"publish","type":"page","link":"https:\/\/www.interdominternships.org\/es\/funding-opportunities\/","title":{"rendered":"Oportunidades de financiamiento"},"content":{"rendered":"<p><\/p>\n<h1>Oportunidades de financiamiento<\/h1>\n<p>Existen muchas oportunidades para obtener asistencia financiera, pr\u00e9stamos y becas que est\u00e1n disponibles para los estudiantes que comienzan a buscar financiamiento con tiempo suficiente antes de realizar sus pasant\u00edas en el extranjero. Recomendamos que los estudiantes primero se dirijan a las oficinas de Servicios Profesionales, Estudios en el Exterior, Servicios Financieros y a los jefes de departamentos de sus respectivas universidades para discutir qu\u00e9 opciones de financiamiento se encuentran disponibles para las experiencias de pasant\u00edas internacionales no pagadas.<\/p>\n<p>Adem\u00e1s de las oportunidades de financiaci\u00f3n espec\u00edficas para cada universidad, tambi\u00e9n recomendamos que los estudiantes investiguen las siguientes opciones:<\/p>\n<h2>Becas y subvenciones:<\/h2>\n<ul class=\"list_funding\">\n<li><a href=\"http:\/\/www.iie.org\/programs\/gilman-scholarship-program\" target=\"_blank\" rel=\"noopener noreferrer\"><img src=\"https:\/\/www.interdominternships.org\/wp-content\/uploads\/2015\/10\/logo_benjamin.jpg\" alt=\"logo_benjamin\" \/><\/a>Benjamin A. Gilman International Scholarship Program<\/li>\n<li><a href=\"http:\/\/www.borenawards.org\/\" target=\"_blank\" rel=\"noopener noreferrer\"><img src=\"https:\/\/www.interdominternships.org\/wp-content\/uploads\/2015\/10\/logo_boren.jpg\" alt=\"logo_boren\" \/><\/a>Boren Scholarship and Fellowship<\/li>\n<li><a href=\"http:\/\/www2.ed.gov\/programs\/fpg\/index.html\" target=\"_blank\" rel=\"noopener noreferrer\"><img src=\"https:\/\/www.interdominternships.org\/wp-content\/uploads\/2015\/10\/logo_fed-education.jpg\" alt=\"logo_fed-education\" \/><\/a>Federal Pell Grants<\/li>\n<li><a href=\"http:\/\/www2.ed.gov\/programs\/fseog\/index.html\" target=\"_blank\" rel=\"noopener noreferrer\"><img src=\"https:\/\/www.interdominternships.org\/wp-content\/uploads\/2015\/10\/logo_fed-education.jpg\" alt=\"logo_fed-education\" \/><\/a>Federal Supplemental Education Opportunity Grants<\/li>\n<li class=\"alt\"><a href=\"http:\/\/www.fgscholars.org\/\" target=\"_blank\" rel=\"noopener noreferrer\"><img loading=\"lazy\" src=\"https:\/\/www.interdominternships.org\/wp-content\/uploads\/2015\/10\/fund-global-scholars.jpg\" alt=\"fund-global-scholars\" width=\"249\" height=\"69\" class=\"alignnone size-full wp-image-4787\" \/><\/a>Foundation for Global Scholars<\/li>\n<li><a href=\"http:\/\/us.fulbrightonline.org\/\" target=\"_blank\" rel=\"noopener noreferrer\"><img src=\"https:\/\/www.interdominternships.org\/wp-content\/uploads\/2015\/10\/logo_fulbright.jpg\" alt=\"logo_fulbright\" \/><\/a>Fulbright Program for US Students<\/li>\n<li><img src=\"https:\/\/www.interdominternships.org\/wp-content\/uploads\/2015\/10\/logo_iefa.jpg\" alt=\"logo_iefa\" \/><\/li>\n<li><img src=\"https:\/\/www.interdominternships.org\/wp-content\/uploads\/2015\/10\/logo_fastweb.jpg\" alt=\"logo_fastweb\" \/><\/li>\n<li><img src=\"https:\/\/www.interdominternships.org\/wp-content\/uploads\/2015\/10\/logo_iie-global.jpg\" alt=\"logo_iie-global\" \/><\/li>\n<li class=\"alt\"><a href=\"http:\/\/www.goodcall.com\/scholarships\/search\" target=\"_blank\" rel=\"noopener noreferrer\"><img src=\"https:\/\/www.interdominternships.org\/wp-content\/uploads\/2015\/10\/logo_good-call.jpg\" alt=\"logo_good-call\" \/><\/a><\/li>\n<li class=\"alt\"><a href=\"http:\/\/www.moneygeek.com\/education\/scholarship-search\/\" target=\"_blank\" rel=\"noopener noreferrer\"><img loading=\"lazy\" width=\"234\" height=\"45\" class=\"alignnone size-full wp-image-4757\" src=\"https:\/\/www.interdominternships.org\/wp-content\/uploads\/2015\/10\/money-geek-logo.png\" alt=\"money-geek-logo\" \/><\/a>Scholarship Search Engine<\/li>\n<\/ul>\n<h2>Recaudaci\u00f3n de fondos:<\/h2>\n<p>Muchos estudiantes se dan cuenta que se sienten m\u00e1s satisfechos con su experiencia internacional si ellos mismos recaudan los fondos que necesitan para viajar. A menudo los estudiantes consiguen que miembros de su familia, grupos comunitarios y\/o grupos religiosos los patrocinen, o utilizan diversas t\u00e9cnicas de recaudaci\u00f3n de fondos hasta que ahorran los fondos suficientes para viajar. El siguiente sitio web ofrece algunos consejos \u00fatiles para ayudarles a recaudar fondos:<\/p>\n<p><a href=\"http:\/\/www.moneygeek.com\/education\/college\/resources\/debt-free-college-education-guide\/\" target=\"_blank\" rel=\"noopener noreferrer\">http:\/\/www.moneygeek.com\/education\/college\/resources\/debt-free-college-education-guide\/<\/a><\/p>\n<p>Tambi\u00e9n pueden recaudar fondos en l\u00ednea a trav\u00e9s de sitios web como:<\/p>\n<ul class=\"list_funding\">\n<li><a href=\"https:\/\/www.indiegogo.com\/campaigns\/new#\/choose-your-platform\" target=\"_blank\" rel=\"noopener noreferrer\"><img loading=\"lazy\" width=\"277\" height=\"300\" class=\"alignnone size-medium wp-image-4768\" src=\"https:\/\/www.interdominternships.org\/wp-content\/uploads\/2015\/10\/indiegogo-logo-white-277x300.jpg\" alt=\"indiegogo-logo-white\" srcset=\"https:\/\/www.interdominternships.org\/wp-content\/uploads\/2015\/10\/indiegogo-logo-white-277x300.jpg 277w, https:\/\/www.interdominternships.org\/wp-content\/uploads\/2015\/10\/indiegogo-logo-white.jpg 300w\" sizes=\"(max-width: 277px) 100vw, 277px\" \/><\/a><\/li>\n<li><img src=\"https:\/\/www.interdominternships.org\/wp-content\/uploads\/2015\/10\/logo_crowdrise.jpg\" alt=\"logo_crowdrise\" \/><\/li>\n<li><img src=\"https:\/\/www.interdominternships.org\/wp-content\/uploads\/2015\/10\/logo_youcaring.jpg\" alt=\"logo_youcaring\" \/><\/li>\n<li><img src=\"https:\/\/www.interdominternships.org\/wp-content\/uploads\/2015\/10\/logo_fund_travel.jpg\" alt=\"logo_fund_travel\" \/><\/li>\n<li><a href=\"http:\/\/www.piglt.com\/\" target=\"_blank\" rel=\"noopener noreferrer\"><img src=\"https:\/\/www.interdominternships.org\/wp-content\/uploads\/2015\/10\/pigltlogo-300x145.jpg\" alt=\"pigltlogo\" \/><\/a><\/li>\n<li><a href=\"https:\/\/www.gofundme.com\/\" target=\"_blank\" rel=\"noopener noreferrer\"><img src=\"https:\/\/www.interdominternships.org\/wp-content\/uploads\/2015\/10\/gofundme_Logo-300x126.jpg\" alt=\"gofundme_Logo\" \/><\/a><\/li>\n<li><a href=\"http:\/\/fundanything.com\/en\" target=\"_blank\" rel=\"noopener noreferrer\"><img src=\"https:\/\/www.interdominternships.org\/wp-content\/uploads\/2015\/10\/fund-anything-logo.png\" alt=\"fund anything logo\" \/><\/a><\/li>\n<li><a href=\"http:\/\/www.zerobound.com\/\" target=\"_blank\" rel=\"noopener noreferrer\"><img src=\"https:\/\/www.interdominternships.org\/wp-content\/uploads\/2015\/10\/zb-logo-300x45.png\" alt=\"zb-logo\" \/><\/a><\/li>\n<\/ul>\n<p><\/p>","protected":false},"excerpt":{"rendered":"<p>Oportunidades de financiamiento Existen muchas oportunidades para obtener asistencia financiera, pr\u00e9stamos y becas que est\u00e1n disponibles para los estudiantes que comienzan a buscar financiamiento con tiempo suficiente antes de realizar sus pasant\u00edas en el extranjero. Recomendamos que los estudiantes primero se dirijan a las oficinas de Servicios Profesionales, Estudios en el Exterior, Servicios Financieros y&#8230; <a class=\"read-more\" href=\"https:\/\/www.interdominternships.org\/es\/funding-opportunities\/\">Read More<\/a><\/p>\n","protected":false},"author":1,"featured_media":0,"parent":0,"menu_order":0,"comment_status":"closed","ping_status":"closed","template":"page-funding.php","meta":[],"_links":{"self":[{"href":"https:\/\/www.interdominternships.org\/es\/wp-json\/wp\/v2\/pages\/30"}],"collection":[{"href":"https:\/\/www.interdominternships.org\/es\/wp-json\/wp\/v2\/pages"}],"about":[{"href":"https:\/\/www.interdominternships.org\/es\/wp-json\/wp\/v2\/types\/page"}],"author":[{"embeddable":true,"href":"https:\/\/www.interdominternships.org\/es\/wp-json\/wp\/v2\/users\/1"}],"replies":[{"embeddable":true,"href":"https:\/\/www.interdominternships.org\/es\/wp-json\/wp\/v2\/comments?post=30"}],"version-history":[{"count":39,"href":"https:\/\/www.interdominternships.org\/es\/wp-json\/wp\/v2\/pages\/30\/revisions"}],"predecessor-version":[{"id":5179,"href":"https:\/\/www.interdominternships.org\/es\/wp-json\/wp\/v2\/pages\/30\/revisions\/5179"}],"wp:attachment":[{"href":"https:\/\/www.interdominternships.org\/es\/wp-json\/wp\/v2\/media?parent=30"}],"curies":[{"name":"wp","href":"https:\/\/api.w.org\/{rel}","templated":true}]}}