{"id":26,"date":"2015-10-19T03:47:17","date_gmt":"2015-10-19T03:47:17","guid":{"rendered":"http:\/\/www.interdominternships.org\/?page_id=26"},"modified":"2020-09-03T16:34:21","modified_gmt":"2020-09-03T16:34:21","slug":"organizations","status":"publish","type":"page","link":"https:\/\/www.interdominternships.org\/es\/organizations\/","title":{"rendered":"Organizaciones"},"content":{"rendered":"<p><img class=\"img_section\" src=\"https:\/\/www.interdominternships.org\/wp-content\/uploads\/2015\/10\/organizations.jpg\" alt=\"organizations\" \/><\/p>\n<h1>Oportunidades para organizaciones dominicanas<\/h1>\n<p><b>Trabaje con pasantes internacionales<br \/>\n<\/b>InteRDom trabaja directamente con m\u00e1s de 300 organizaciones dominicanas privadas, p\u00fablicas y no gubernamentales ofreci\u00e9ndoles programas de capacitaci\u00f3n, servicios de desarrollo organizacional y pasantes internacionales provenientes de todo el mundo. Muchas organizaciones dominicanas est\u00e1n conscientes del valor de proporcionar oportunidades de pasant\u00edas para estudiantes tanto locales como internacionales, pero no saben por d\u00f3nde empezar o d\u00f3nde encontrar a estos pasantes.<\/p>\n<p>Nuestro objetivo es proporcionar una experiencia inolvidable tanto para el pasante como para la organizaci\u00f3n anfitriona, por lo que nos enfocamos en facilitar un proceso fluido de integraci\u00f3n para los pasantes y en abordar cualquier problema relacionado con el proceso de adaptaci\u00f3n cultural y organizacional. Los servicios que ofrecemos a las organizaciones asociadas promueven las mejores pr\u00e1cticas de pasant\u00edas en todo tipo de organizaciones -p\u00fablicas, privadas o sin fines de lucro- a trav\u00e9s del proceso de identificaci\u00f3n de pol\u00edticas y estrategias que fortalezcan los v\u00ednculos entre los sectores educativos y profesionales con el fin de capacitar a profesionales que a la larga trabajar\u00e1n eficiente y eficazmente en instituciones de clase mundial.<\/p>\n<h4>Seminario de Certificaci\u00f3n de Pasant\u00edas<\/h4>\n<p>El objetivo principal del Seminario de Certificaci\u00f3n de Pasant\u00edas es capacitar a las organizaciones participantes sobre c\u00f3mo crear programas de pasant\u00edas eficientes, y c\u00f3mo mejorar y desarrollar continuamente los ya existentes, a fin de aumentar la eficacia de las empresas en atraer personal capacitado y con talento y que est\u00e9 disponible para ocupar puestos en \u00e1reas o proyectos que son de inter\u00e9s especial para las organizaciones. El proceso de certificaci\u00f3n promueve una cultura de intercambio entre las universidades y las empresas locales, a la vez que asisten a los ejecutivos en la identificaci\u00f3n de los empleados que pueden asumir el papel de coordinadores de las pasant\u00edas, quienes guiar\u00e1n a la compa\u00f1\u00eda en la implementaci\u00f3n y seguimiento de sus programas de pasant\u00edas.<\/p>\n<h4>Conferencia anual<\/h4>\n<p>La Conferencia de InteRDom, que se celebra anualmente, busca contribuir al desarrollo organizacional de todas las organizaciones, ofreciendo herramientas e ideas \u00fatiles que promuevan las mejores pr\u00e1cticas en todas las \u00e1reas de impacto.<\/p>\n<p>A trav\u00e9s de su conferencia anual, InteRDom promueve las pasant\u00edas como un elemento integral de la formaci\u00f3n acad\u00e9mica de los estudiantes universitarios, abriendo un espacio cultural donde se puede ver y discutir diversos temas de actualidad.<\/p>\n<h4>Desayuno de Networking<\/h4>\n<p>El \u00abDesayuno de Networking para Organizaciones\u00bb es ofrecido 3 veces al a\u00f1o y su objetivo es crear y fortalecer las relaciones con las organizaciones asociadas en la Rep\u00fablica Dominicana, al reunir a delegados que trabajan en el mismo sector para discutir un tema de inter\u00e9s com\u00fan con expertos locales e internacionales. Ofrece espacios para el desarrollo organizacional, la creaci\u00f3n de redes profesionales y para desarrollarse, as\u00ed como para compartir proyectos de corto y mediano plazo y discutir oportunidades de colaboraci\u00f3n. Lea las noticias para enterarse sobre el pr\u00f3ximo desayuno!<\/p>","protected":false},"excerpt":{"rendered":"<p>Oportunidades para organizaciones dominicanas Trabaje con pasantes internacionales InteRDom trabaja directamente con m\u00e1s de 300 organizaciones dominicanas privadas, p\u00fablicas y no gubernamentales ofreci\u00e9ndoles programas de capacitaci\u00f3n, servicios de desarrollo organizacional y pasantes internacionales provenientes de todo el mundo. Muchas organizaciones dominicanas est\u00e1n conscientes del valor de proporcionar oportunidades de pasant\u00edas para estudiantes tanto locales como&#8230; <a class=\"read-more\" href=\"https:\/\/www.interdominternships.org\/es\/organizations\/\">Read More<\/a><\/p>\n","protected":false},"author":1,"featured_media":0,"parent":0,"menu_order":0,"comment_status":"closed","ping_status":"closed","template":"page-organizations.php","meta":[],"_links":{"self":[{"href":"https:\/\/www.interdominternships.org\/es\/wp-json\/wp\/v2\/pages\/26"}],"collection":[{"href":"https:\/\/www.interdominternships.org\/es\/wp-json\/wp\/v2\/pages"}],"about":[{"href":"https:\/\/www.interdominternships.org\/es\/wp-json\/wp\/v2\/types\/page"}],"author":[{"embeddable":true,"href":"https:\/\/www.interdominternships.org\/es\/wp-json\/wp\/v2\/users\/1"}],"replies":[{"embeddable":true,"href":"https:\/\/www.interdominternships.org\/es\/wp-json\/wp\/v2\/comments?post=26"}],"version-history":[{"count":5,"href":"https:\/\/www.interdominternships.org\/es\/wp-json\/wp\/v2\/pages\/26\/revisions"}],"predecessor-version":[{"id":5174,"href":"https:\/\/www.interdominternships.org\/es\/wp-json\/wp\/v2\/pages\/26\/revisions\/5174"}],"wp:attachment":[{"href":"https:\/\/www.interdominternships.org\/es\/wp-json\/wp\/v2\/media?parent=26"}],"curies":[{"name":"wp","href":"https:\/\/api.w.org\/{rel}","templated":true}]}}