{"id":24,"date":"2015-10-19T03:47:04","date_gmt":"2015-10-19T03:47:04","guid":{"rendered":"http:\/\/www.interdominternships.org\/?page_id=24"},"modified":"2019-03-29T20:31:20","modified_gmt":"2019-03-29T20:31:20","slug":"dominican-students","status":"publish","type":"page","link":"https:\/\/www.interdominternships.org\/es\/dominican-students\/","title":{"rendered":"Estudiantes dominicanos"},"content":{"rendered":"<p><\/p>\n<div class=\"videos-content\"><iframe src=\"https:\/\/www.youtube.com\/embed\/Tm1GXaRyU4w?rel=0\" width=\"520\" height=\"293\" frameborder=\"0\" allowfullscreen=\"allowfullscreen\"><\/iframe><\/div>\n<h1>Intercambio Acad\u00e9mico Global Dominicano<\/h1>\n<h3>Oportunidades para estudiantes dominicanos<\/h3>\n<p>Los estudiantes dominicanos que actualmente estudian en (o que se han graduado recientemente de) una universidad dominicana pueden presentar su solicitud para participar en el Intercambio Acad\u00e9mico Global Dominicano (IAGD), un proyecto de la Global Foundation for Democracy and Development (<a href=\"http:\/\/www.globalfoundationdd.org\/\" target=\"_blank\">GFDD<\/a>). El IAGD en un programa acad\u00e9mico y cultural de corta duraci\u00f3n que es organizado en coordinaci\u00f3n con la GFDD en una variedad de universidades ubicadas en todos los Estados Unidos.<\/p>\n<p><img loading=\"lazy\" class=\"alignleft size-medium wp-image-4464\" src=\"http:\/\/www.interdominternships.org\/wp-content\/uploads\/2015\/09\/GDE_espanol-300x81.jpg\" alt=\"GDE_espanol\" width=\"300\" height=\"81\" srcset=\"https:\/\/www.interdominternships.org\/wp-content\/uploads\/2015\/09\/GDE_espanol-300x81.jpg 300w, https:\/\/www.interdominternships.org\/wp-content\/uploads\/2015\/09\/GDE_espanol.jpg 706w\" sizes=\"(max-width: 300px) 100vw, 300px\" \/>El IAGD familiariza a los estudiantes dominicanos con el estilo educativo estadounidense en las artes liberales (humanidades) y fomenta el di\u00e1logo entre los estudiantes dominicanos y sus hom\u00f3logos dominico-americanos que asisten a estas instituciones. El IAGD promueve la colaboraci\u00f3n y las iniciativas de esp\u00edritu empresarial que fomentan la innovaci\u00f3n y estimulan el desarrollo econ\u00f3mico dominicano y el entendimiento internacional.<\/p>\n<p>El IAGD organiza una serie de eventos de corta duraci\u00f3n (m\u00e1ximo de una semana) sobre temas espec\u00edficos, en colaboraci\u00f3n con las organizaciones de estudiantes dominicanos en una variedad de universidades estadounidenses durante todo el a\u00f1o.<\/p>\n<p>Los intercambios anteriores incluyen: la <strong><a href=\"https:\/\/www.youtube.com\/watch?v=9UtrIwxaIUQ\" target=\"_blank\">Universidad de Yale<\/a>, <\/strong>la <strong><a href=\"https:\/\/www.youtube.com\/watch?v=jQv9oNKoiIc\" target=\"_blank\">Conferencia Nacional de Estudiantes Dominicanos de la Universidad de Harvard<\/a>, <\/strong>la <strong><a href=\"https:\/\/www.youtube.com\/watch?v=YGriUp9UJHc\" target=\"_blank\">Facultad de Derecho de la Universidad de Georgia<\/a>,<\/strong> la<strong> <a href=\"https:\/\/www.youtube.com\/watch?v=gx4cd0FNZQU\" target=\"_blank\">Universidad de Pennsylvania<\/a>, <\/strong>la <strong><a href=\"https:\/\/www.youtube.com\/watch?v=67OvpZCbr2Y\" target=\"_blank\">Facultad de Derecho de la Universidad de Washington<\/a>, <\/strong>y <strong><a href=\"https:\/\/www.youtube.com\/watch?v=w8YZyXCSfvY\" target=\"_blank\">Babson College<\/a>.<\/strong><\/p>\n<h4>Objetivos<\/h4>\n<ul>\n<li>Vincular a los estudiantes dominicanos con los dominico-americanos, dos grupos que est\u00e1n unidos por un origen \u00e9tnico com\u00fan, pero que est\u00e1n divididos por su ubicaci\u00f3n geogr\u00e1fica.<\/li>\n<li>Aumentar el conocimiento general sobre el sistema educativo norteamericano entre los estudiantes dominicanos.<\/li>\n<li>Fomentar el sentido de comunidad, de comunicaci\u00f3n intercultural y de colaboraci\u00f3n entre los estudiantes y las instituciones de la Rep\u00fablica Dominicana y de los Estados Unidos.<\/li>\n<li>Fomentar la participaci\u00f3n activa de los j\u00f3venes en el crecimiento econ\u00f3mico de la Rep\u00fablica Dominicana.<\/li>\n<\/ul>\n<p><\/p>","protected":false},"excerpt":{"rendered":"<p>Intercambio Acad\u00e9mico Global Dominicano Oportunidades para estudiantes dominicanos Los estudiantes dominicanos que actualmente estudian en (o que se han graduado recientemente de) una universidad dominicana pueden presentar su solicitud para participar en el Intercambio Acad\u00e9mico Global Dominicano (IAGD), un proyecto de la Global Foundation for Democracy and Development (GFDD). El IAGD en un programa acad\u00e9mico&#8230; <a class=\"read-more\" href=\"https:\/\/www.interdominternships.org\/es\/dominican-students\/\">Read More<\/a><\/p>\n","protected":false},"author":1,"featured_media":0,"parent":0,"menu_order":0,"comment_status":"closed","ping_status":"closed","template":"page-dominican-students.php","meta":[],"_links":{"self":[{"href":"https:\/\/www.interdominternships.org\/es\/wp-json\/wp\/v2\/pages\/24"}],"collection":[{"href":"https:\/\/www.interdominternships.org\/es\/wp-json\/wp\/v2\/pages"}],"about":[{"href":"https:\/\/www.interdominternships.org\/es\/wp-json\/wp\/v2\/types\/page"}],"author":[{"embeddable":true,"href":"https:\/\/www.interdominternships.org\/es\/wp-json\/wp\/v2\/users\/1"}],"replies":[{"embeddable":true,"href":"https:\/\/www.interdominternships.org\/es\/wp-json\/wp\/v2\/comments?post=24"}],"version-history":[{"count":40,"href":"https:\/\/www.interdominternships.org\/es\/wp-json\/wp\/v2\/pages\/24\/revisions"}],"predecessor-version":[{"id":5105,"href":"https:\/\/www.interdominternships.org\/es\/wp-json\/wp\/v2\/pages\/24\/revisions\/5105"}],"wp:attachment":[{"href":"https:\/\/www.interdominternships.org\/es\/wp-json\/wp\/v2\/media?parent=24"}],"curies":[{"name":"wp","href":"https:\/\/api.w.org\/{rel}","templated":true}]}}