{"id":22,"date":"2015-10-19T03:46:50","date_gmt":"2015-10-19T03:46:50","guid":{"rendered":"http:\/\/www.interdominternships.org\/?page_id=22"},"modified":"2020-09-03T16:33:41","modified_gmt":"2020-09-03T16:33:41","slug":"universities","status":"publish","type":"page","link":"https:\/\/www.interdominternships.org\/es\/universities\/","title":{"rendered":"Universidades"},"content":{"rendered":"<p><img src=\"https:\/\/www.interdominternships.org\/wp-content\/uploads\/2015\/10\/universities.jpg\" alt=\"universities\" class=\"img_section\" \/><\/p>\n<h1>Oportunidades para las universidades<\/h1>\n<p>Internacionalice su curr\u00edculo llevando a sus estudiantes al Caribe! InteRDom trabaja de varias formas con las universidades y los profesores:<\/p>\n<ul>\n<li>lleve la cultura caribe\u00f1a y la experiencia multicultural a su sal\u00f3n de clases a trav\u00e9s de actividades y eventos en el campus universitario.<\/li>\n<li>lleve estudiantes al Caribe para desarrollar un componente de su curso como trabajo de campo en la Rep\u00fablica Dominicana.<\/li>\n<li>dise\u00f1e ya sea un programa corto o uno dirigido por la planta de profesores para ofrecerlo como un curso o una oportunidad extra-curricular.<\/li>\n<li>dise\u00f1e un programa corto para los profesores para que profundicen sus conocimientos sobre temas latinoamericanos.<\/li>\n<li>reciba a un grupo de estudiantes dominicanos en su campus universitario, colaborando con el <a href=\"http:\/\/www.globaldominicanacademicexchange.org\">Intercambio Acad\u00e9mico Global Dominicano<\/a>.<\/li>\n<\/ul>\n<p><\/p>","protected":false},"excerpt":{"rendered":"<p>Oportunidades para las universidades Internacionalice su curr\u00edculo llevando a sus estudiantes al Caribe! InteRDom trabaja de varias formas con las universidades y los profesores: lleve la cultura caribe\u00f1a y la experiencia multicultural a su sal\u00f3n de clases a trav\u00e9s de actividades y eventos en el campus universitario. lleve estudiantes al Caribe para desarrollar un componente&#8230; <a class=\"read-more\" href=\"https:\/\/www.interdominternships.org\/es\/universities\/\">Read More<\/a><\/p>\n","protected":false},"author":1,"featured_media":0,"parent":0,"menu_order":0,"comment_status":"closed","ping_status":"closed","template":"page-universities.php","meta":[],"_links":{"self":[{"href":"https:\/\/www.interdominternships.org\/es\/wp-json\/wp\/v2\/pages\/22"}],"collection":[{"href":"https:\/\/www.interdominternships.org\/es\/wp-json\/wp\/v2\/pages"}],"about":[{"href":"https:\/\/www.interdominternships.org\/es\/wp-json\/wp\/v2\/types\/page"}],"author":[{"embeddable":true,"href":"https:\/\/www.interdominternships.org\/es\/wp-json\/wp\/v2\/users\/1"}],"replies":[{"embeddable":true,"href":"https:\/\/www.interdominternships.org\/es\/wp-json\/wp\/v2\/comments?post=22"}],"version-history":[{"count":9,"href":"https:\/\/www.interdominternships.org\/es\/wp-json\/wp\/v2\/pages\/22\/revisions"}],"predecessor-version":[{"id":5173,"href":"https:\/\/www.interdominternships.org\/es\/wp-json\/wp\/v2\/pages\/22\/revisions\/5173"}],"wp:attachment":[{"href":"https:\/\/www.interdominternships.org\/es\/wp-json\/wp\/v2\/media?parent=22"}],"curies":[{"name":"wp","href":"https:\/\/api.w.org\/{rel}","templated":true}]}}