{"id":20,"date":"2015-10-19T03:45:48","date_gmt":"2015-10-19T03:45:48","guid":{"rendered":"http:\/\/www.interdominternships.org\/?page_id=20"},"modified":"2019-03-29T20:22:40","modified_gmt":"2019-03-29T20:22:40","slug":"international-students","status":"publish","type":"page","link":"https:\/\/www.interdominternships.org\/es\/international-students\/","title":{"rendered":"Estudiantes internacionales"},"content":{"rendered":"<p><\/p>\n<div class=\"videos-content\"><iframe src=\"https:\/\/www.youtube.com\/embed\/3djU0Rv4ZK0?rel=0\" width=\"520\" height=\"293\" frameborder=\"0\" allowfullscreen=\"allowfullscreen\"><\/iframe><\/div>\n<h1>Oportunidades para estudiantes y graduados recientes<\/h1>\n<p>InteRDom ofrece oportunidades de pasant\u00edas, investigaciones y estudios en la Rep\u00fablica Dominicana para estudiantes de licenciatura, postgrado y a\u00f1o sab\u00e1tico, y para aquellos reci\u00e9n graduados que estudian actualmente (o que han estudiado) en una universidad en los Estados Unidos o en un pa\u00eds fuera de la Rep\u00fablica Dominicana.<\/p>\n<p>Cada estudiante es diferente, por lo que durante el proceso de admisi\u00f3n nos tomamos el tiempo necesario para conocer sus intereses, metas y necesidades para garantizar su colocaci\u00f3n en una pasant\u00eda que beneficie tanto al estudiante como a la organizaci\u00f3n anfitriona.<\/p>\n<h4>\u00bfQu\u00e9 es lo que hace que la experiencia con InteRDom sea \u00fanica?<\/h4>\n<ul>\n<li>Un programa personalizado para que los estudiantes puedan alcanzar sus metas acad\u00e9micas y profesionales.<\/li>\n<li>Una pasant\u00eda internacional en un pa\u00eds caribe\u00f1o que se desarrolla r\u00e1pidamente, la cual enriquecer\u00e1 la hoja de vida del estudiante, contribuir\u00e1 a desarrollar sus aptitudes, a definir sus intereses y a puntualizar sus objetivos profesionales a largo plazo.<\/li>\n<li>Oportunidades para establecer contacto con importantes personalidades profesionales y pol\u00edticas dominicanas, a trav\u00e9s de actividades y eventos organizados por nuestra organizaci\u00f3n hom\u00f3loga en la Rep\u00fablica Dominicana, <a href=\"http:\/\/www.funglode.org\">Funglode<\/a>.<\/li>\n<li>Inscripci\u00f3n opcional en cursos universitarios junto con estudiantes dominicanos, cuyos cr\u00e9ditos acad\u00e9micos pueden ser transferidos a sus universidades de origen.<\/li>\n<\/ul>\n<p><\/p>","protected":false},"excerpt":{"rendered":"<p>Oportunidades para estudiantes y graduados recientes InteRDom ofrece oportunidades de pasant\u00edas, investigaciones y estudios en la Rep\u00fablica Dominicana para estudiantes de licenciatura, postgrado y a\u00f1o sab\u00e1tico, y para aquellos reci\u00e9n graduados que estudian actualmente (o que han estudiado) en una universidad en los Estados Unidos o en un pa\u00eds fuera de la Rep\u00fablica Dominicana. Cada&#8230; <a class=\"read-more\" href=\"https:\/\/www.interdominternships.org\/es\/international-students\/\">Read More<\/a><\/p>\n","protected":false},"author":1,"featured_media":0,"parent":0,"menu_order":0,"comment_status":"closed","ping_status":"closed","template":"page-international-students.php","meta":[],"_links":{"self":[{"href":"https:\/\/www.interdominternships.org\/es\/wp-json\/wp\/v2\/pages\/20"}],"collection":[{"href":"https:\/\/www.interdominternships.org\/es\/wp-json\/wp\/v2\/pages"}],"about":[{"href":"https:\/\/www.interdominternships.org\/es\/wp-json\/wp\/v2\/types\/page"}],"author":[{"embeddable":true,"href":"https:\/\/www.interdominternships.org\/es\/wp-json\/wp\/v2\/users\/1"}],"replies":[{"embeddable":true,"href":"https:\/\/www.interdominternships.org\/es\/wp-json\/wp\/v2\/comments?post=20"}],"version-history":[{"count":12,"href":"https:\/\/www.interdominternships.org\/es\/wp-json\/wp\/v2\/pages\/20\/revisions"}],"predecessor-version":[{"id":5104,"href":"https:\/\/www.interdominternships.org\/es\/wp-json\/wp\/v2\/pages\/20\/revisions\/5104"}],"wp:attachment":[{"href":"https:\/\/www.interdominternships.org\/es\/wp-json\/wp\/v2\/media?parent=20"}],"curies":[{"name":"wp","href":"https:\/\/api.w.org\/{rel}","templated":true}]}}