{"id":18,"date":"2015-10-19T03:45:05","date_gmt":"2015-10-19T03:45:05","guid":{"rendered":"http:\/\/www.interdominternships.org\/?page_id=18"},"modified":"2023-05-09T01:56:19","modified_gmt":"2023-05-09T01:56:19","slug":"contact","status":"publish","type":"page","link":"https:\/\/www.interdominternships.org\/es\/contact\/","title":{"rendered":"Contacto"},"content":{"rendered":"<p><\/p>\n<h1>Contacto<\/h1>\n<div class=\"wrap_form_contact\"><div role=\"form\" class=\"wpcf7\" id=\"wpcf7-f3100-o2\" lang=\"en-US\" dir=\"ltr\">\n<div class=\"screen-reader-response\"><p role=\"status\" aria-live=\"polite\" aria-atomic=\"true\"><\/p> <ul><\/ul><\/div>\n<form action=\"\/es\/wp-json\/wp\/v2\/pages\/18#wpcf7-f3100-o2\" method=\"post\" class=\"wpcf7-form init\" novalidate=\"novalidate\" data-status=\"init\">\n<div style=\"display: none;\">\n<input type=\"hidden\" name=\"_wpcf7\" value=\"3100\" \/>\n<input type=\"hidden\" name=\"_wpcf7_version\" value=\"5.3\" \/>\n<input type=\"hidden\" name=\"_wpcf7_locale\" value=\"en_US\" \/>\n<input type=\"hidden\" name=\"_wpcf7_unit_tag\" value=\"wpcf7-f3100-o2\" \/>\n<input type=\"hidden\" name=\"_wpcf7_container_post\" value=\"0\" \/>\n<input type=\"hidden\" name=\"_wpcf7_posted_data_hash\" value=\"\" \/>\n<input type=\"hidden\" name=\"_wpcf7_recaptcha_response\" value=\"\" \/>\n<\/div>\n<div class=\"wrap_form-id_contact\">\n<div class=\"fields_id\">Nombre <span>(requerido)<\/span><br \/><span class=\"wpcf7-form-control-wrap your-name\"><input type=\"text\" name=\"your-name\" value=\"\" size=\"40\" class=\"wpcf7-form-control wpcf7-text wpcf7-validates-as-required\" aria-required=\"true\" aria-invalid=\"false\" \/><\/span><\/div>\n<div class=\"fields_id\">Correo electr\u00f3nico <span>(requerido)<\/span><br \/><span class=\"wpcf7-form-control-wrap your-email\"><input type=\"email\" name=\"your-email\" value=\"\" size=\"40\" class=\"wpcf7-form-control wpcf7-text wpcf7-email wpcf7-validates-as-required wpcf7-validates-as-email\" aria-required=\"true\" aria-invalid=\"false\" \/><\/span><\/div>\n<div class=\"fields_id\">Sujeto<br \/><span class=\"wpcf7-form-control-wrap your-subject\"><input type=\"text\" name=\"your-subject\" value=\"\" size=\"40\" class=\"wpcf7-form-control wpcf7-text\" aria-invalid=\"false\" \/><\/span><\/div>\n<div class=\"full-input_id\">Mensaje <span>(requerido)<\/span><br \/><span class=\"wpcf7-form-control-wrap your-message\"><textarea name=\"your-message\" cols=\"40\" rows=\"10\" class=\"wpcf7-form-control wpcf7-textarea wpcf7-validates-as-required\" aria-required=\"true\" aria-invalid=\"false\"><\/textarea><\/span><\/div>\n<div class=\"full-input_id\">\n\n<\/div>\n<div class=\"full-input_id\"><input type=\"submit\" value=\"Enviar mensaje\" class=\"wpcf7-form-control wpcf7-submit\" \/><\/div>\n<\/div>\n<div class=\"wpcf7-response-output\" aria-hidden=\"true\"><\/div><\/form><\/div><\/div>\n<p><b>Santo Domingo, Rep\u00fablica Dominicana:<\/b><br \/>\nCalle Capit\u00e1n Eugenio de Marchena, #26<br \/>\nLa Esperilla, Santo Domingo, Rep\u00fablica Dominicana<br \/>\nWhatsapp +16467159287<br \/>\nT: 809-685-9966 ext. 2541, 2542 &#8211; F: 809-685-9926<\/p>\n<p><b>Nueva York:<\/b><br \/>\n780 Third Avenue, Suite 1903<br \/>\nNew York, NY 10017<br \/>\nWhatsapp +16467159287<br \/>\nT: 212-751-5000 &#8211; F: 212-751-7000<\/p>\n<p><a href=\"mailto:info@interdominternships.org\" target=\"_blank\" rel=\"noopener noreferrer\">info@interdominternships.org<\/a><\/p>","protected":false},"excerpt":{"rendered":"<p>Contacto Santo Domingo, Rep\u00fablica Dominicana: Calle Capit\u00e1n Eugenio de Marchena, #26 La Esperilla, Santo Domingo, Rep\u00fablica Dominicana Whatsapp +16467159287 T: 809-685-9966 ext. 2541, 2542 &#8211; F: 809-685-9926 Nueva York: 780 Third Avenue, Suite 1903 New York, NY 10017 Whatsapp +16467159287 T: 212-751-5000 &#8211; F: 212-751-7000 info@interdominternships.org<\/p>\n","protected":false},"author":1,"featured_media":0,"parent":0,"menu_order":0,"comment_status":"closed","ping_status":"closed","template":"page-contact.php","meta":[],"_links":{"self":[{"href":"https:\/\/www.interdominternships.org\/es\/wp-json\/wp\/v2\/pages\/18"}],"collection":[{"href":"https:\/\/www.interdominternships.org\/es\/wp-json\/wp\/v2\/pages"}],"about":[{"href":"https:\/\/www.interdominternships.org\/es\/wp-json\/wp\/v2\/types\/page"}],"author":[{"embeddable":true,"href":"https:\/\/www.interdominternships.org\/es\/wp-json\/wp\/v2\/users\/1"}],"replies":[{"embeddable":true,"href":"https:\/\/www.interdominternships.org\/es\/wp-json\/wp\/v2\/comments?post=18"}],"version-history":[{"count":13,"href":"https:\/\/www.interdominternships.org\/es\/wp-json\/wp\/v2\/pages\/18\/revisions"}],"predecessor-version":[{"id":5184,"href":"https:\/\/www.interdominternships.org\/es\/wp-json\/wp\/v2\/pages\/18\/revisions\/5184"}],"wp:attachment":[{"href":"https:\/\/www.interdominternships.org\/es\/wp-json\/wp\/v2\/media?parent=18"}],"curies":[{"name":"wp","href":"https:\/\/api.w.org\/{rel}","templated":true}]}}