{"id":14,"date":"2015-10-19T03:44:37","date_gmt":"2015-10-19T03:44:37","guid":{"rendered":"http:\/\/www.interdominternships.org\/?page_id=14"},"modified":"2020-09-03T16:39:05","modified_gmt":"2020-09-03T16:39:05","slug":"dominican-republic","status":"publish","type":"page","link":"https:\/\/www.interdominternships.org\/es\/dominican-republic\/","title":{"rendered":"Rep\u00fablica Dominicana"},"content":{"rendered":"<p><img class=\"img_section\" src=\"https:\/\/www.interdominternships.org\/wp-content\/uploads\/2015\/10\/dom-rep.jpg\" alt=\"\u00bfPor qu\u00e9 escoger la Rep\u00fablica Dominicana?\" \/><\/p>\n<h1>\u00bfPor qu\u00e9 escoger la Rep\u00fablica Dominicana?<\/h1>\n<p>En la Rep\u00fablica Dominicana \u00a1hay algo para todos! Se trata de un pa\u00eds caribe\u00f1o situado en una isla donde comparte su frontera con Hait\u00ed y es el sitio donde Crist\u00f3bal Col\u00f3n desembarc\u00f3 por primera vez en el \u00abNuevo Mundo\u00bb. Desde sus sitios hist\u00f3ricos meticulosamente preservados hasta una econom\u00eda emergente de ritmo r\u00e1pido y su recientemente descubierta solidez en el campo de las relaciones internacionales, los estudiantes de todas las disciplinas tienen algo que aprender en esta naci\u00f3n racial y culturalmente diversa y diferente.<\/p>\n<p>La capital del pa\u00eds, Santo Domingo, es a la vez cosmopolita y llena del encanto del viejo mundo. <strong>La ciudad ofrece una gran variedad de posibilidades para la recreaci\u00f3n, desde los museos, monumentos y parques hasta las zonas comerciales, restaurantes, bares y clubes de baile. Adem\u00e1s, su zona colonial fue declarada Patrimonio de la Humanidad por la UNESCO en 1990.<\/strong><\/p>\n<p>Conocida por su floreciente industria tur\u00edstica, sus jugadores de b\u00e9isbol de fama mundial y su r\u00e1pido desarrollo econ\u00f3mico, en la Rep\u00fablica Dominicana a diario surgen nuevas industrias que la vuelven competitiva en el \u00e1mbito internacional. R\u00e1pidamente se est\u00e1 estableciendo como l\u00edder regional en la industria cinematogr\u00e1fica, as\u00ed como en las iniciativas medioambientales. Es el lienzo perfecto para que tanto los estudiantes como los investigadores participen en el desarrollo del pa\u00eds y de la regi\u00f3n.<\/p>\n<p><strong>Lea m\u00e1s acerca de la Rep\u00fablica Dominicana:<br \/>\n<\/strong><a href=\"http:\/\/www.dominicanaonline.org\" target=\"_blank\" rel=\"noopener noreferrer\">www.dominicanaonline.org<br \/>\nhttp:\/\/nyti.ms\/1OJmFaL<\/a><br \/>\n<a href=\"http:\/\/www.godominicanrepublic.com\" target=\"_blank\" rel=\"noopener noreferrer\">www.godominicanrepublic.com<\/a><\/p>","protected":false},"excerpt":{"rendered":"<p>\u00bfPor qu\u00e9 escoger la Rep\u00fablica Dominicana? En la Rep\u00fablica Dominicana \u00a1hay algo para todos! Se trata de un pa\u00eds caribe\u00f1o situado en una isla donde comparte su frontera con Hait\u00ed y es el sitio donde Crist\u00f3bal Col\u00f3n desembarc\u00f3 por primera vez en el \u00abNuevo Mundo\u00bb. Desde sus sitios hist\u00f3ricos meticulosamente preservados hasta una econom\u00eda emergente&#8230; <a class=\"read-more\" href=\"https:\/\/www.interdominternships.org\/es\/dominican-republic\/\">Read More<\/a><\/p>\n","protected":false},"author":1,"featured_media":0,"parent":0,"menu_order":0,"comment_status":"closed","ping_status":"closed","template":"page-dominican-republic.php","meta":[],"_links":{"self":[{"href":"https:\/\/www.interdominternships.org\/es\/wp-json\/wp\/v2\/pages\/14"}],"collection":[{"href":"https:\/\/www.interdominternships.org\/es\/wp-json\/wp\/v2\/pages"}],"about":[{"href":"https:\/\/www.interdominternships.org\/es\/wp-json\/wp\/v2\/types\/page"}],"author":[{"embeddable":true,"href":"https:\/\/www.interdominternships.org\/es\/wp-json\/wp\/v2\/users\/1"}],"replies":[{"embeddable":true,"href":"https:\/\/www.interdominternships.org\/es\/wp-json\/wp\/v2\/comments?post=14"}],"version-history":[{"count":7,"href":"https:\/\/www.interdominternships.org\/es\/wp-json\/wp\/v2\/pages\/14\/revisions"}],"predecessor-version":[{"id":5175,"href":"https:\/\/www.interdominternships.org\/es\/wp-json\/wp\/v2\/pages\/14\/revisions\/5175"}],"wp:attachment":[{"href":"https:\/\/www.interdominternships.org\/es\/wp-json\/wp\/v2\/media?parent=14"}],"curies":[{"name":"wp","href":"https:\/\/api.w.org\/{rel}","templated":true}]}}